{"id":425,"date":"2026-04-27T16:17:08","date_gmt":"2026-04-27T19:17:08","guid":{"rendered":"https:\/\/www.pastoraldomenor.com.br\/participe\/?page_id=425"},"modified":"2026-05-04T11:03:56","modified_gmt":"2026-05-04T14:03:56","slug":"ir_solidario-2026","status":"publish","type":"page","link":"https:\/\/www.pastoraldomenor.com.br\/participe\/ir_solidario-2026\/","title":{"rendered":"IR_Solidario-2026"},"content":{"rendered":"\t\t<div data-elementor-type=\"wp-page\" data-elementor-id=\"425\" class=\"elementor elementor-425\">\n\t\t\t\t<div class=\"elementor-element elementor-element-54994902 e-con-full e-flex e-con e-parent\" data-id=\"54994902\" data-element_type=\"container\" data-e-type=\"container\">\n\t\t\t\t<div class=\"elementor-element elementor-element-22b5f51 elementor-widget__width-inherit elementor-widget elementor-widget-html\" data-id=\"22b5f51\" data-element_type=\"widget\" data-e-type=\"widget\" data-widget_type=\"html.default\">\n\t\t\t\t<div class=\"elementor-widget-container\">\n\t\t\t\t\t<!DOCTYPE html>\r\n<html lang=\"pt-BR\">\r\n<head>\r\n<meta charset=\"UTF-8\">\r\n<meta name=\"viewport\" content=\"width=device-width, initial-scale=1.0\">\r\n<title>Baixar Materiais - IR Solid\u00e1rio 2026<\/title>\r\n\r\n<style>\r\n*{\r\n    margin:0;\r\n    padding:0;\r\n    box-sizing:border-box;\r\n}\r\n\r\nbody{\r\n    font-family: Arial, sans-serif;\r\n    background:#f5f0e8;\r\n    color:#333;\r\n    line-height:1.6;\r\n}\r\n\r\n.container{\r\n    max-width:1400px;\r\n    margin:40px auto;\r\n    background:#ffffff;\r\n    border-radius:14px;\r\n    overflow:hidden;\r\n    box-shadow:0 10px 30px rgba(0,0,0,.10);\r\n}\r\n\r\n.topo{\r\n    background:#ffffff;\r\n    padding:40px 30px;\r\n    text-align:center;\r\n}\r\n\r\n.topo img{\r\n    max-width:180px;\r\n    width:100%;\r\n    height:auto;\r\n}\r\n\r\n.conteudo{\r\n    padding:40px 30px;\r\n}\r\n\r\n.subtitulo{\r\n    color:#ff8c00;\r\n    font-size:13px;\r\n    font-weight:bold;\r\n    letter-spacing:2px;\r\n    text-transform:uppercase;\r\n    margin-bottom:10px;\r\n}\r\n\r\nh1{\r\n    font-family: Georgia, serif;\r\n    color:#2b1a1a;\r\n    font-size:34px;\r\n    margin-bottom:18px;\r\n}\r\n\r\np{\r\n    margin-bottom:18px;\r\n    font-size:18px;\r\n}\r\n\r\n.destaque{\r\n    background:#fff8ed;\r\n    border:1px solid #f0d3a5;\r\n    padding:20px;\r\n    border-radius:10px;\r\n    margin:30px 0;\r\n}\r\n\r\n.botoes{\r\n    margin-top:25px;\r\n    }\r\n\r\n.btn{\r\n    display:block;\r\n    text-decoration:none;\r\n    background:#ff8c00;\r\n    color:#fff;\r\n    font-weight:bold;\r\n    text-align:center;\r\n    padding:18px 20px;\r\n    border-radius:10px;\r\n    margin-bottom:16px;\r\n    font-size:18px;\r\n    transition:.2s;\r\n    \r\n}\r\n\r\n.btn:hover{\r\n    background:#e77900;\r\n}\r\n\r\n.rodape{\r\n    padding:30px;\r\n    text-align:center;\r\n    font-size:15px;\r\n    color:#777;\r\n}\r\n\r\n.linha{\r\n    height:2px;\r\n    background:linear-gradient(90deg,#C9A227,#6B1F1F,#C9A227);\r\n    margin:0 30px;\r\n}\r\n\r\n@media(max-width:600px){\r\n\r\nh1{\r\n    font-size:28px;\r\n}\r\n\r\np{\r\n    font-size:16px;\r\n}\r\n\r\n.conteudo{\r\n    padding:30px 22px;\r\n}\r\n\r\n.btn{\r\n    font-size:16px;\r\n    padding:16px;\r\n}\r\n\r\n}\r\n<\/style>\r\n<\/head>\r\n\r\n<body>\r\n\r\n<div class=\"container\">\r\n\r\n    <div class=\"topo\">\r\n        <img decoding=\"async\" src=\"https:\/\/assets.mktnaweb.com\/accounts\/2020\/02\/20\/124630\/pictures\/29\/original_logo_pastoral_vertical_RGB_colorido.png?1646910223\" alt=\"Pastoral do Menor\">\r\n    <\/div>\r\n\r\n    <div class=\"conteudo\">\r\n\r\n        <div class=\"subtitulo\">IR Solid\u00e1rio 2026<\/div>\r\n\r\n        <h1>Baixe os Materiais da Campanha<\/h1>\r\n\r\n        <p>\r\n            Obrigado por apoiar a <strong>Pastoral do Menor<\/strong>.\r\n        <\/p>\r\n\r\n        <p>\r\n            Abaixo est\u00e3o os arquivos necess\u00e1rios para participar da campanha de destina\u00e7\u00e3o do Imposto de Renda em favor de nossos projetos sociais.\r\n        <\/p>\r\n\r\n        <div class=\"destaque\">\r\n            <p><strong>Disponibilizamos 3 arquivos:<\/strong><\/p>\r\n            <p>\u2022 Artigo explicativo da campanha Imposto de Renda Solid\u00e1rio para a Pastoral do Menor Arq.Rio<\/p>\r\n            <p>\u2022 Formul\u00e1rio para doa\u00e7\u00e3o Projeto PLEITEAR, em parceria com as Unidades Militares<\/p>\r\n            <p>\u2022 Formul\u00e1rio para doa\u00e7\u00e3o Projeto Educa\u00e7\u00e3o Digital e Cidadania<\/p>\r\n        <\/div>\r\n\r\n        <div class=\"botoes\">\r\n\r\n            <a href=\"https:\/\/www.pastoraldomenor.com.br\/participe\/wp-content\/uploads\/2026\/05\/Campanha-IR_Solidario-2026.pdf\" class=\"btn\" target=\"_blank\">\r\n                \ud83d\udcc4 Baixar Artigo da Campanha\r\n            <\/a>\r\n\r\n            <a href=\"https:\/\/www.pastoraldomenor.com.br\/participe\/wp-content\/uploads\/2026\/04\/Declaracao-de-Deposito-Projeto-Pleitear.docx\" class=\"btn\" target=\"_blank\">\r\n                \ud83d\udcdd Baixar Projeto \"PLEITEAR\"\r\n            <\/a>\r\n\r\n            <a href=\"https:\/\/www.pastoraldomenor.com.br\/participe\/wp-content\/uploads\/2026\/04\/Declaracao-de-Deposito-e-Projeto-educacao_digital_e_cidadania.docx\" class=\"btn\" target=\"_blank\">\r\n                \ud83d\udcdd Baixar Projeto \"EDUCA\u00c7\u00c3O DIGITAL E CIDADANIA\"\r\n            <\/a>\r\n        <\/div>\r\n\r\n    <\/div>\r\n\r\n    <div class=\"linha\"><\/div>\r\n\r\n    <div class=\"rodape\">\r\n        Pastoral do Menor \u2022 Arquidiocese do Rio de Janeiro\r\n    <\/div>\r\n\r\n<\/div>\r\n\r\n<\/body>\r\n<\/html>\t\t\t\t<\/div>\n\t\t\t\t<\/div>\n\t\t\t\t<\/div>\n\t\t\t\t<\/div>\n\t\t","protected":false},"excerpt":{"rendered":"<p>Baixar Materiais &#8211; IR Solid\u00e1rio 2026 IR Solid\u00e1rio 2026 Baixe os Materiais da Campanha Obrigado por apoiar a Pastoral do Menor. Abaixo est\u00e3o os arquivos necess\u00e1rios para participar da campanha de destina\u00e7\u00e3o do Imposto de Renda em favor de nossos projetos sociais. Disponibilizamos 3 arquivos: \u2022 Artigo explicativo da campanha Imposto de Renda Solid\u00e1rio para [&hellip;]<\/p>\n","protected":false},"author":2,"featured_media":0,"parent":0,"menu_order":0,"comment_status":"closed","ping_status":"closed","template":"elementor_canvas","meta":{"footnotes":""},"class_list":["post-425","page","type-page","status-publish","hentry"],"_links":{"self":[{"href":"https:\/\/www.pastoraldomenor.com.br\/participe\/wp-json\/wp\/v2\/pages\/425","targetHints":{"allow":["GET"]}}],"collection":[{"href":"https:\/\/www.pastoraldomenor.com.br\/participe\/wp-json\/wp\/v2\/pages"}],"about":[{"href":"https:\/\/www.pastoraldomenor.com.br\/participe\/wp-json\/wp\/v2\/types\/page"}],"author":[{"embeddable":true,"href":"https:\/\/www.pastoraldomenor.com.br\/participe\/wp-json\/wp\/v2\/users\/2"}],"replies":[{"embeddable":true,"href":"https:\/\/www.pastoraldomenor.com.br\/participe\/wp-json\/wp\/v2\/comments?post=425"}],"version-history":[{"count":40,"href":"https:\/\/www.pastoraldomenor.com.br\/participe\/wp-json\/wp\/v2\/pages\/425\/revisions"}],"predecessor-version":[{"id":578,"href":"https:\/\/www.pastoraldomenor.com.br\/participe\/wp-json\/wp\/v2\/pages\/425\/revisions\/578"}],"wp:attachment":[{"href":"https:\/\/www.pastoraldomenor.com.br\/participe\/wp-json\/wp\/v2\/media?parent=425"}],"curies":[{"name":"wp","href":"https:\/\/api.w.org\/{rel}","templated":true}]}}